{"id":69,"date":"2025-03-05T13:15:29","date_gmt":"2025-03-05T13:15:29","guid":{"rendered":"https:\/\/predprodej.olesnickakytka.cz\/?post_type=product&#038;p=69"},"modified":"2026-04-01T10:28:55","modified_gmt":"2026-04-01T10:28:55","slug":"olesnicka-kytka-vstupenka-dite-do-149-cm","status":"publish","type":"product","link":"https:\/\/predprodej.olesnickakytka.cz\/?product=olesnicka-kytka-vstupenka-dite-do-149-cm","title":{"rendered":"Ole\u0161nick\u00e1 kytka &#8211; VSTUPENKA &#8211; d\u00edt\u011b do 149 cm"},"content":{"rendered":"<p>UPOZORN\u011aN\u00cd! Fin\u00e1ln\u00ed vstupenky nejsou generov\u00e1ny a rozes\u00edl\u00e1ny automatem &#8211; za jejich tvorbou a distribuc\u00ed sed\u00ed \u017eiv\u00fd \u010dlov\u011bk, tak\u017ee m\u016f\u017ee trvat d\u00e9le, ne\u017e je zvykem, v z\u00e1vislosti na na\u0161ich \u010dasov\u00fdch kapacit\u00e1ch (3 &#8211; 5 dn\u00ed od p\u0159ijet\u00ed platby).<\/p>\n","protected":false},"excerpt":{"rendered":"<p>UPOZORN\u011aN\u00cd! Fin\u00e1ln\u00ed vstupenky nejsou generov\u00e1ny a rozes\u00edl\u00e1ny automatem &#8211; za jejich tvorbou a distribuc\u00ed sed\u00ed \u017eiv\u00fd \u010dlov\u011bk, tak\u017ee m\u016f\u017ee trvat d\u00e9le, ne\u017e je zvykem, v z\u00e1vislosti na na\u0161ich \u010dasov\u00fdch kapacit\u00e1ch (3 &#8211; 5 dn\u00ed od p\u0159ijet\u00ed platby).<\/p>\n","protected":false},"featured_media":231,"comment_status":"open","ping_status":"closed","template":"","meta":{"_links_to":"","_links_to_target":""},"product_brand":[],"product_cat":[15],"product_tag":[],"class_list":{"0":"post-69","1":"product","2":"type-product","3":"status-publish","4":"has-post-thumbnail","6":"product_cat-uncategorized","7":"entry","8":"has-media","10":"first","11":"instock","12":"virtual","13":"purchasable","14":"product-type-simple"},"_links":{"self":[{"href":"https:\/\/predprodej.olesnickakytka.cz\/index.php?rest_route=\/wp\/v2\/product\/69","targetHints":{"allow":["GET"]}}],"collection":[{"href":"https:\/\/predprodej.olesnickakytka.cz\/index.php?rest_route=\/wp\/v2\/product"}],"about":[{"href":"https:\/\/predprodej.olesnickakytka.cz\/index.php?rest_route=\/wp\/v2\/types\/product"}],"replies":[{"embeddable":true,"href":"https:\/\/predprodej.olesnickakytka.cz\/index.php?rest_route=%2Fwp%2Fv2%2Fcomments&post=69"}],"wp:featuredmedia":[{"embeddable":true,"href":"https:\/\/predprodej.olesnickakytka.cz\/index.php?rest_route=\/wp\/v2\/media\/231"}],"wp:attachment":[{"href":"https:\/\/predprodej.olesnickakytka.cz\/index.php?rest_route=%2Fwp%2Fv2%2Fmedia&parent=69"}],"wp:term":[{"taxonomy":"product_brand","embeddable":true,"href":"https:\/\/predprodej.olesnickakytka.cz\/index.php?rest_route=%2Fwp%2Fv2%2Fproduct_brand&post=69"},{"taxonomy":"product_cat","embeddable":true,"href":"https:\/\/predprodej.olesnickakytka.cz\/index.php?rest_route=%2Fwp%2Fv2%2Fproduct_cat&post=69"},{"taxonomy":"product_tag","embeddable":true,"href":"https:\/\/predprodej.olesnickakytka.cz\/index.php?rest_route=%2Fwp%2Fv2%2Fproduct_tag&post=69"}],"curies":[{"name":"wp","href":"https:\/\/api.w.org\/{rel}","templated":true}]}}